{"id":60,"date":"2016-07-04T21:09:07","date_gmt":"2016-07-04T21:09:07","guid":{"rendered":"http:\/\/upqode.com\/clients\/roman\/softease\/?page_id=60"},"modified":"2021-05-07T16:09:26","modified_gmt":"2021-05-07T16:09:26","slug":"licencias","status":"publish","type":"page","link":"https:\/\/adapps.com.co\/inicio\/licencias\/","title":{"rendered":"Licencias"},"content":{"rendered":"<p>[vc_row full_width=&#8221;stretch_row_content_no_spaces&#8221;][vc_column][sanjose_banner banner_style=&#8221;style_4&#8243; subtitle=&#8221;Te van a encantar&#8221; custom_height=&#8221;enable&#8221; custom_height_value=&#8221;400&#8243; title=&#8221;Despliega la descripci\u00f3n de nuestras <i>licencias<\/i>&#8221; title_color=&#8221;#ffffff&#8221; css=&#8221;.vc_custom_1618101802725{background-color: #d4ecfc !important;}&#8221;][vc_empty_space height=&#8221;50&#8243;][vc_row_inner][vc_column_inner width=&#8221;1\/6&#8243;][\/vc_column_inner][vc_column_inner width=&#8221;2\/3&#8243;][\/vc_column_inner][vc_column_inner width=&#8221;1\/6&#8243;][\/vc_column_inner][\/vc_row_inner][vc_empty_space][vc_row_inner][vc_column_inner width=&#8221;1\/5&#8243;][\/vc_column_inner][vc_column_inner width=&#8221;1\/5&#8243;][sanjose_accordian accordion_style=&#8221;style_2&#8243; items=&#8221;%5B%7B%22title%22%3A%22TOTALE%20(Administraci%C3%B3n)%22%2C%22text%22%3A%22Esta%20licencia%20se%20adapta%20a%20cualquier%20empresa%20comercial%20o%20de%20servicios%20que%20desee%20consolidar%20su%20informaci%C3%B3n%20de%20forma%20clara%20para%20obtener%20informes%20financieros%20de%20manera%20%C3%A1gil%20y%20oportuna%20que%20ayuden%20en%20la%20toma%20de%20decisiones%20de%20modo%20precisa.%20%5Cn%3Cbr%3E%5Cn%3Cbr%3E%5Cn%3Cb%3EGruppo%20Totale%20%3C%2Fb%3Ecuenta%20con%20los%20m%C3%B3dulos%20de%20Contabilidad%20(informes%20contables%20y%20financieros%20NIIF%2C%20Tesorer%C3%ADa%2C%20Cartera%2C%20Proveedores)%20y%20N%C3%B3mina%20(Pagos%20de%20salarios%2C%20liquidaciones%20de%20contratos%2C%20pagos%20de%20seguridad%20social%2C%20provisi%C3%B3n%20de%20prestaciones).%20Genera%20Facturas%20y%20documentos%20equivalentes%20que%20son%20emitidos%20electr%C3%B3nicamente%20a%20trav%C3%A9s%20de%20un%20proveedor%20tecnol%C3%B3gico%20y%20transmite%20documentos%20de%20n%C3%B3mina%20electr%C3%B3nica%20directamente%20a%20la%20DIAN.%22%7D%5D&#8221;][vc_empty_space height=&#8221;10&#8243;][sanjose_accordian accordion_style=&#8221;style_2&#8243; items=&#8221;%5B%7B%22title%22%3A%22CONDOMINI%20(Propiedad%20Horizontal)%22%2C%22text%22%3A%22Las%20unidades%20de%20propiedad%20horizontal%20necesitan%20un%20sistema%20de%20informaci%C3%B3n%20que%20le%20permita%20tener%20el%20registro%20de%20los%20inmuebles%20que%20la%20conforman%20y%20sus%20respectivos%20propietarios%2C%20as%C3%AD%20como%20de%20los%20residentes%20que%20los%20ocupan.%20Esta%20informaci%C3%B3n%20es%20la%20base%20para%20crear%20la%20contabilizaci%C3%B3n%20o%20causaci%C3%B3n%20de%20las%20cuotas%20de%20sostenimiento%20que%20se%20deben%20cobrar%20mensualmente%20y%20su%20respectivo%20recaudo.%20%5Cn%3Cbr%3E%5Cn%3Cbr%3E%5CnPara%20esta%20clase%20de%20unidades%20se%20cre%C3%B3%20%3Cb%3EGruppo%20Condomini%3C%2Fb%3E%20que%20cuenta%20con%20los%20m%C3%B3dulos%20de%20Contabilidad%20(informes%20contables%20y%20financieros%20NIIF%2C%20Tesorer%C3%ADa%2C%20Cartera%2C%20Proveedores)%2C%20Condomini%20(Registro%20de%20inmuebles%2C%20propietarios%2C%20residente%2C%20causaci%C3%B3n%20y%20cobros%20de%20cuotas%20de%20sostenimiento%2C%20facturaci%C3%B3n%20de%20arrendamientos%20de%20zonas%20comunes)%20y%20N%C3%B3mina%20(Pagos%20de%20salarios%2C%20liquidaciones%20de%20contratos%2C%20pagos%20de%20seguridad%20social%2C%20provisi%C3%B3n%20de%20prestaciones).%20Genera%20Facturas%20y%20documentos%20equivalentes%20que%20son%20emitidos%20electr%C3%B3nicamente%20a%20trav%C3%A9s%20de%20un%20proveedor%20tecnol%C3%B3gico%20y%20transmite%20documentos%20de%20n%C3%B3mina%20electr%C3%B3nica%20directamente%20a%20la%20DIAN%22%7D%5D&#8221;][\/vc_column_inner][vc_column_inner width=&#8221;1\/5&#8243;][sanjose_accordian accordion_style=&#8221;style_2&#8243; items=&#8221;%5B%7B%22title%22%3A%22MAGAZZINO%20(Inventarios)%22%2C%22active%22%3A%22yes%22%2C%22text%22%3A%22Magazzino%20es%20la%20licencia%20para%20empresas%20comerciales%2C%20distribuidoras%20de%20mercanc%C3%ADas%2C%20productos%20o%20servicios%20que%20deseen%20llevar%20un%20control%20de%20las%20existencias%2C%20as%C3%AD%20como%20una%20auditoria%20de%20los%20costos%20de%20los%20mismos%2C%20organizar%20la%20informaci%C3%B3n%20de%20los%20clientes%2C%20los%20proveedores%20y%20vendedores%20y%20generar%20informes%20de%20compras%20y%20ventas%20de%20manera%20oportuna.%20%5Cn%3Cbr%3E%5Cn%3Cbr%3E%5Cn%3Cb%3EGruppo%20Magazzino%3C%2Fb%3E%20cuenta%20con%20los%20m%C3%B3dulos%20de%20Contabilidad%20(informes%20contables%20y%20financieros%20NIIF%2C%20Tesorer%C3%ADa%2C%20Cartera%2C%20Proveedores)%2C%20Magazzino%20(Compras%2C%20ventas%2C%20transferencias%20entre%20tiendas%2C%20ajustes%20al%20inventario%2C%20control%20de%20stock)%20y%20N%C3%B3mina%20(Pagos%20de%20salarios%2C%20liquidaciones%20de%20contratos%2C%20pagos%20de%20seguridad%20social%2C%20provisi%C3%B3n%20de%20prestaciones).%20Genera%20Facturas%20y%20documentos%20equivalentes%20que%20son%20emitidos%20electr%C3%B3nicamente%20a%20trav%C3%A9s%20de%20un%20proveedor%20tecnol%C3%B3gico%20y%20transmite%20documentos%20de%20n%C3%B3mina%20electr%C3%B3nica%20directamente%20a%20la%20DIAN.%22%7D%5D&#8221;][vc_empty_space height=&#8221;10&#8243;][sanjose_accordian accordion_style=&#8221;style_2&#8243; items=&#8221;%5B%7B%22title%22%3A%22TEMPO%20(Administraci%C3%B3n%20de%20Personal%20y%20Recursos%20Humanos)%22%2C%22text%22%3A%22La%20licencia%20Gruppo%20Tempo%20es%20el%20ERP%20indicado%20para%20las%20empresas%20de%20Servicios%20Temporales%20ya%20que%20se%20centra%20en%20la%20administraci%C3%B3n%20de%20los%20recursos%20humanos%20desde%20la%20contrataci%C3%B3n%20de%20los%20empleados%20en%20misi%C3%B3n%20hasta%20la%20liquidaci%C3%B3n%20del%20contrato%20de%20trabajo%20pasando%20por%20todos%20los%20procesos%20que%20conlleva%20la%20relaci%C3%B3n%20laboral.%20%5Cn%3Cbr%3E%5Cn%3Cbr%3E%5Cn%3Cb%3EGruppo%20Tempo%3C%2Fb%3E%20cuenta%20con%20los%20m%C3%B3dulos%20de%20N%C3%B3mina%20(Pagos%20de%20salarios%2C%20liquidaciones%20de%20contratos%2C%20pagos%20de%20seguridad%20social%2C%20provisi%C3%B3n%20de%20prestaciones)%2C%20Contrataci%C3%B3n%20(Generaci%C3%B3n%20de%20contratos%20laborales%2C%20otro%20si%2C%20clausulas%20adicionales%2C%20cartas%20de%20terminaci%C3%B3n%20de%20contrato%2C%20informes%20de%20ingresos%20de%20empleados%20etc)%2C%20Hse%20(Seguimiento%20a%20las%20condiciones%20de%20salud%20de%20los%20empleados%2C%20enfermedades%20laborales%20y%20accidentes%20de%20trabajo%2C%20reportes%20a%20las%20ARL%20y%20al%20ministerio%20de%20trabajo)%2C%20Contabilidad%20(informes%20contables%20y%20financieros%20NIIF%2C%20Tesorer%C3%ADa%2C%20Cartera%2C%20Proveedores).%20Genera%20Facturas%20y%20documentos%20equivalentes%20que%20son%20emitidos%20electr%C3%B3nicamente%20a%20trav%C3%A9s%20de%20un%20proveedor%20tecnol%C3%B3gico%20y%20transmite%20documentos%20de%20n%C3%B3mina%20electr%C3%B3nica%20directamente%20a%20la%20DIAN.%22%7D%5D&#8221;][\/vc_column_inner][vc_column_inner width=&#8221;1\/5&#8243;][sanjose_accordian accordion_style=&#8221;style_2&#8243; items=&#8221;%5B%7B%22title%22%3A%22LAVORO%20(N%C3%B3mina)%22%2C%22text%22%3A%22Esta%20licencia%20se%20especializa%20en%20los%20procesos%20de%20la%20relaci%C3%B3n%20laboral%20patrono%20%E2%80%93%20empleado%2C%20desde%20la%20generaci%C3%B3n%20del%20contrato%20laboral%20hasta%20la%20liquidaci%C3%B3n%20del%20mismo.%20Es%20un%20modulo%20completamente%20parametrizable%2C%20adaptable%20a%20los%20requerimientos%20de%20la%20empresa%20y%20permite%20una%20integraci%C3%B3n%20directa%20con%20el%20ERP%20contable%20a%20trav%C3%A9s%20de%20archivos%20planos%20o%20directamente.%20%5Cn%3Cbr%3E%5Cn%3Cbr%3E%5Cn%3Cb%3EGruppo%20Lavoro%3C%2Fb%3E%20ofrece%20a%20la%20empresa%20tener%20la%20organizaci%C3%B3n%20del%20personal%2C%20sus%20pagos%2C%20los%20aportes%20a%20la%20seguridad%20social%2C%20la%20provisi%C3%B3n%20de%20las%20prestaciones%20sociales%20y%20la%20contabilizaci%C3%B3n%20de%20los%20costos%20de%20la%20nomina%20de%20la%20compa%C3%B1%C3%ADa%3B%20adem%C3%A1s%20de%20generar%20descuentos%20autom%C3%A1ticos%20de%20ley%20a%20los%20empleados%20como%20la%20retenci%C3%B3n%20en%20la%20fuente%2C%20fondos%20de%20solidaridad%2C%20etc.%20Todos%20estos%20conceptos%20generados%20bajo%20las%20normas%20del%20c%C3%B3digo%20sustantivo%20del%20trabajo%20colombiano.%20%20%5CnCon%20la%20ayuda%20de%20Gruppo%20Lavoro%2C%20Genera%20Facturas%20y%20documentos%20equivalentes%20que%20son%20emitidos%20electr%C3%B3nicamente%20a%20trav%C3%A9s%20de%20un%20proveedor%20tecnol%C3%B3gico%20y%20transmite%20documentos%20de%20n%C3%B3mina%20electr%C3%B3nica%20directamente%20a%20la%20DIAN%2C%20generar%20informes%20reglamentarios%20autom%C3%A1ticamente%20en%20los%20tiempos%20establecidos%20para%20la%20presentaci%C3%B3n%20de%20los%20mismos%2C%20as%C3%AD%20como%20responder%20f%C3%A1cil%20y%20oportunamente%20a%20los%20requerimientos%20de%20las%20entidades%20gubernamentales.%22%7D%5D&#8221;][vc_empty_space height=&#8221;10&#8243;][\/vc_column_inner][vc_column_inner width=&#8221;1\/5&#8243;][\/vc_column_inner][\/vc_row_inner][vc_empty_space height=&#8221;20&#8243;][\/vc_column][\/vc_row][vc_row large_desctop_pt=&#8221;padding-lg-70t&#8221; desctop_pt=&#8221;padding-md-20t&#8221; tablets_pt=&#8221;padding-sm-20t&#8221; mobile_pt=&#8221;padding-xs-30t&#8221;][vc_column][sanjose_text_block content_align=&#8221;center&#8221; title=&#8221;Nuestros valores&#8221;][\/sanjose_text_block][\/vc_column][\/vc_row][vc_row][vc_column width=&#8221;1\/6&#8243; css=&#8221;.vc_custom_1618102211739{background-color: #d4ecfc !important;}&#8221;][vc_icon type=&#8221;material&#8221; icon_material=&#8221;vc-material vc-material-enhanced_encryption&#8221; color=&#8221;white&#8221; align=&#8221;center&#8221;][vc_custom_heading text=&#8221;Respeto&#8221; font_container=&#8221;tag:h6|text_align:center|color:%23000000&#8243; google_fonts=&#8221;font_family:Ubuntu%3A300%2C300italic%2Cregular%2Citalic%2C500%2C500italic%2C700%2C700italic|font_style:500%20bold%20regular%3A500%3Anormal&#8221;][\/vc_column][vc_column width=&#8221;1\/6&#8243;][vc_icon type=&#8221;material&#8221; icon_material=&#8221;vc-material vc-material-border_color&#8221; color=&#8221;custom&#8221; align=&#8221;center&#8221; custom_color=&#8221;#009ee3&#8243;][vc_custom_heading text=&#8221;Adaptabilidad&#8221; font_container=&#8221;tag:h6|text_align:center|color:%23000000&#8243; google_fonts=&#8221;font_family:Ubuntu%3A300%2C300italic%2Cregular%2Citalic%2C500%2C500italic%2C700%2C700italic|font_style:500%20bold%20regular%3A500%3Anormal&#8221;][\/vc_column][vc_column width=&#8221;1\/6&#8243; css=&#8221;.vc_custom_1618102219416{background-color: #d4ecfc !important;}&#8221;][vc_icon type=&#8221;material&#8221; icon_material=&#8221;vc-material vc-material-favorite&#8221; color=&#8221;white&#8221; align=&#8221;center&#8221;][vc_custom_heading text=&#8221;Sentido de pertenencia&#8221; font_container=&#8221;tag:h6|text_align:center|color:%23000000&#8243; google_fonts=&#8221;font_family:Ubuntu%3A300%2C300italic%2Cregular%2Citalic%2C500%2C500italic%2C700%2C700italic|font_style:500%20bold%20regular%3A500%3Anormal&#8221;][\/vc_column][vc_column width=&#8221;1\/6&#8243;][vc_icon type=&#8221;material&#8221; icon_material=&#8221;vc-material vc-material-event_available&#8221; color=&#8221;custom&#8221; align=&#8221;center&#8221; custom_color=&#8221;#009ee3&#8243;][vc_custom_heading text=&#8221;Responsabilidad&#8221; font_container=&#8221;tag:h6|text_align:center|color:%23000000&#8243; google_fonts=&#8221;font_family:Ubuntu%3A300%2C300italic%2Cregular%2Citalic%2C500%2C500italic%2C700%2C700italic|font_style:500%20bold%20regular%3A500%3Anormal&#8221;][\/vc_column][vc_column width=&#8221;1\/6&#8243; css=&#8221;.vc_custom_1618102228301{background-color: #d4ecfc !important;}&#8221;][vc_icon type=&#8221;material&#8221; icon_material=&#8221;vc-material vc-material-settings&#8221; color=&#8221;white&#8221; align=&#8221;center&#8221;][vc_custom_heading text=&#8221;Constancia&#8221; font_container=&#8221;tag:h6|text_align:center|color:%23000000&#8243; google_fonts=&#8221;font_family:Ubuntu%3A300%2C300italic%2Cregular%2Citalic%2C500%2C500italic%2C700%2C700italic|font_style:500%20bold%20regular%3A500%3Anormal&#8221;][\/vc_column][vc_column width=&#8221;1\/6&#8243;][vc_icon type=&#8221;material&#8221; icon_material=&#8221;vc-material vc-material-star&#8221; color=&#8221;custom&#8221; align=&#8221;center&#8221; custom_color=&#8221;#009ee3&#8243;][vc_custom_heading text=&#8221;Calidad&#8221; font_container=&#8221;tag:h6|text_align:center|color:%23000000&#8243; google_fonts=&#8221;font_family:Ubuntu%3A300%2C300italic%2Cregular%2Citalic%2C500%2C500italic%2C700%2C700italic|font_style:500%20bold%20regular%3A500%3Anormal&#8221;][\/vc_column][\/vc_row][vc_row][vc_column][vc_empty_space height=&#8221;50&#8243;][\/vc_column][\/vc_row][vc_row][vc_column][vc_empty_space height=&#8221;50&#8243;][\/vc_column][\/vc_row][vc_row full_width=&#8221;stretch_row&#8221; css=&#8221;.vc_custom_1618102169454{background-color: #f1f7f8 !important;}&#8221;][vc_column][vc_row_inner][vc_column_inner width=&#8221;3\/6&#8243;][vc_custom_heading text=&#8221;\u00bfTienes dudas de nuestras licencias?&#8221; font_container=&#8221;tag:h1|text_align:left|color:%23bd3e8f&#8221; use_theme_fonts=&#8221;yes&#8221;][vc_custom_heading text=&#8221;Somos un sistema de informaci\u00f3n modular que permite la integraci\u00f3n de los m\u00f3dulos que requiera una empresa para su correcto funcionamiento.<\/p>\n<p>Los procesos de una organizaci\u00f3n deben regirse a la normatividad financiera, comercial y laboral exigida por el gobierno, por esta raz\u00f3n est\u00e1n expuestos a constantes cambios, por lo cual se requiere un sistema de informaci\u00f3n que garantice el cumplimiento de dichas normas y que se adapte a cualquier situaci\u00f3n que demande la actividad misma de la empresa o las nuevas exigencias gubernamentales.&#8221; font_container=&#8221;tag:p|text_align:left|color:%23000000&#8243; use_theme_fonts=&#8221;yes&#8221;][vc_single_image image=&#8221;2747&#8243; img_size=&#8221;full&#8221;][\/vc_column_inner][vc_column_inner width=&#8221;1\/6&#8243;][\/vc_column_inner][vc_column_inner width=&#8221;1\/3&#8243; css=&#8221;.vc_custom_1618102263695{background-color: #ffffff !important;border-radius: 10px !important;}&#8221;][vc_custom_heading text=&#8221;Contactanos&#8221; use_theme_fonts=&#8221;yes&#8221;]\n<div class=\"wpcf7 no-js\" id=\"wpcf7-f6-o1\" lang=\"en-US\" dir=\"ltr\" data-wpcf7-id=\"6\">\n<div class=\"screen-reader-response\"><p role=\"status\" aria-live=\"polite\" aria-atomic=\"true\"><\/p> <ul><\/ul><\/div>\n<form action=\"\/inicio\/wp-json\/wp\/v2\/pages\/60#wpcf7-f6-o1\" method=\"post\" class=\"wpcf7-form init\" aria-label=\"Contact form\" novalidate=\"novalidate\" data-status=\"init\">\n<fieldset class=\"hidden-fields-container\"><input type=\"hidden\" name=\"_wpcf7\" value=\"6\" \/><input type=\"hidden\" name=\"_wpcf7_version\" value=\"6.1.5\" \/><input type=\"hidden\" name=\"_wpcf7_locale\" value=\"en_US\" \/><input type=\"hidden\" name=\"_wpcf7_unit_tag\" value=\"wpcf7-f6-o1\" \/><input type=\"hidden\" name=\"_wpcf7_container_post\" value=\"0\" \/><input type=\"hidden\" name=\"_wpcf7_posted_data_hash\" value=\"\" \/>\n<\/fieldset>\n<p><label> Tu nombre<br \/>\n<span class=\"wpcf7-form-control-wrap\" data-name=\"nombre\"><input size=\"40\" maxlength=\"400\" class=\"wpcf7-form-control wpcf7-text wpcf7-validates-as-required\" aria-required=\"true\" aria-invalid=\"false\" value=\"\" type=\"text\" name=\"nombre\" \/><\/span> <\/label>\n<\/p>\n<p><label> Tu email<br \/>\n<span class=\"wpcf7-form-control-wrap\" data-name=\"tu-email\"><input size=\"40\" maxlength=\"400\" class=\"wpcf7-form-control wpcf7-email wpcf7-validates-as-required wpcf7-text wpcf7-validates-as-email\" aria-required=\"true\" aria-invalid=\"false\" value=\"\" type=\"email\" name=\"tu-email\" \/><\/span> <\/label>\n<\/p>\n<p><label> Asunto<br \/>\n<span class=\"wpcf7-form-control-wrap\" data-name=\"tu-asunto\"><input size=\"40\" maxlength=\"400\" class=\"wpcf7-form-control wpcf7-text wpcf7-validates-as-required\" aria-required=\"true\" aria-invalid=\"false\" value=\"\" type=\"text\" name=\"tu-asunto\" \/><\/span> <\/label>\n<\/p>\n<p><label> Tu mensaje (opcional)<br \/>\n<span class=\"wpcf7-form-control-wrap\" data-name=\"tu-mensaje\"><textarea cols=\"40\" rows=\"10\" maxlength=\"2000\" class=\"wpcf7-form-control wpcf7-textarea\" aria-invalid=\"false\" name=\"tu-mensaje\"><\/textarea><\/span> <\/label>\n<\/p>\n<p><input class=\"wpcf7-form-control wpcf7-submit has-spinner\" type=\"submit\" value=\"Enviar\" \/>\n<\/p><div class=\"wpcf7-response-output\" aria-hidden=\"true\"><\/div>\n<\/form>\n<\/div>\n[\/vc_column_inner][\/vc_row_inner][\/vc_column][\/vc_row]<\/p>\n","protected":false},"excerpt":{"rendered":"<p>[vc_row full_width=&#8221;stretch_row_content_no_spaces&#8221;][vc_column][sanjose_banner banner_style=&#8221;style_4&#8243; subtitle=&#8221;Te van a encantar&#8221; custom_height=&#8221;enable&#8221; custom_height_value=&#8221;400&#8243; title=&#8221;Despliega la descripci\u00f3n de nuestras licencias&#8221; title_color=&#8221;#ffffff&#8221; css=&#8221;.vc_custom_1618101802725{background-color: #d4ecfc !important;}&#8221;][vc_empty_space height=&#8221;50&#8243;][vc_row_inner][vc_column_inner width=&#8221;1\/6&#8243;][\/vc_column_inner][vc_column_inner width=&#8221;2\/3&#8243;][\/vc_column_inner][vc_column_inner width=&#8221;1\/6&#8243;][\/vc_column_inner][\/vc_row_inner][vc_empty_space][vc_row_inner][vc_column_inner width=&#8221;1\/5&#8243;][\/vc_column_inner][vc_column_inner width=&#8221;1\/5&#8243;][sanjose_accordian.<\/p>\n","protected":false},"author":1,"featured_media":0,"parent":0,"menu_order":0,"comment_status":"closed","ping_status":"closed","template":"","meta":{"_joinchat":[],"footnotes":""},"class_list":["post-60","page","type-page","status-publish","hentry","entry"],"yoast_head":"<!-- This site is optimized with the Yoast SEO plugin v27.0 - https:\/\/yoast.com\/product\/yoast-seo-wordpress\/ -->\n<title>Licencias - Adapps<\/title>\n<meta name=\"robots\" content=\"index, follow, max-snippet:-1, max-image-preview:large, max-video-preview:-1\" \/>\n<link rel=\"canonical\" href=\"https:\/\/adapps.com.co\/inicio\/licencias\/\" \/>\n<meta property=\"og:locale\" content=\"en_US\" \/>\n<meta property=\"og:type\" content=\"article\" \/>\n<meta property=\"og:title\" content=\"Licencias - Adapps\" \/>\n<meta property=\"og:description\" content=\"[vc_row full_width=&#8221;stretch_row_content_no_spaces&#8221;][vc_column][sanjose_banner banner_style=&#8221;style_4&#8243; subtitle=&#8221;Te van a encantar&#8221; custom_height=&#8221;enable&#8221; custom_height_value=&#8221;400&#8243; title=&#8221;Despliega la descripci\u00f3n de nuestras licencias&#8221; title_color=&#8221;#ffffff&#8221; css=&#8221;.vc_custom_1618101802725{background-color: #d4ecfc !important;}&#8221;][vc_empty_space height=&#8221;50&#8243;][vc_row_inner][vc_column_inner width=&#8221;1\/6&#8243;][\/vc_column_inner][vc_column_inner width=&#8221;2\/3&#8243;][\/vc_column_inner][vc_column_inner width=&#8221;1\/6&#8243;][\/vc_column_inner][\/vc_row_inner][vc_empty_space][vc_row_inner][vc_column_inner width=&#8221;1\/5&#8243;][\/vc_column_inner][vc_column_inner width=&#8221;1\/5&#8243;][sanjose_accordian.\" \/>\n<meta property=\"og:url\" content=\"https:\/\/adapps.com.co\/inicio\/licencias\/\" \/>\n<meta property=\"og:site_name\" content=\"Adapps\" \/>\n<meta property=\"article:modified_time\" content=\"2021-05-07T16:09:26+00:00\" \/>\n<meta name=\"twitter:card\" content=\"summary_large_image\" \/>\n<meta name=\"twitter:label1\" content=\"Est. reading time\" \/>\n\t<meta name=\"twitter:data1\" content=\"2 minutes\" \/>\n<script type=\"application\/ld+json\" class=\"yoast-schema-graph\">{\"@context\":\"https:\/\/schema.org\",\"@graph\":[{\"@type\":\"WebPage\",\"@id\":\"https:\/\/adapps.com.co\/inicio\/licencias\/\",\"url\":\"https:\/\/adapps.com.co\/inicio\/licencias\/\",\"name\":\"Licencias - Adapps\",\"isPartOf\":{\"@id\":\"https:\/\/adapps.com.co\/inicio\/#website\"},\"datePublished\":\"2016-07-04T21:09:07+00:00\",\"dateModified\":\"2021-05-07T16:09:26+00:00\",\"breadcrumb\":{\"@id\":\"https:\/\/adapps.com.co\/inicio\/licencias\/#breadcrumb\"},\"inLanguage\":\"en-US\",\"potentialAction\":[{\"@type\":\"ReadAction\",\"target\":[\"https:\/\/adapps.com.co\/inicio\/licencias\/\"]}]},{\"@type\":\"BreadcrumbList\",\"@id\":\"https:\/\/adapps.com.co\/inicio\/licencias\/#breadcrumb\",\"itemListElement\":[{\"@type\":\"ListItem\",\"position\":1,\"name\":\"Home\",\"item\":\"https:\/\/adapps.com.co\/inicio\/\"},{\"@type\":\"ListItem\",\"position\":2,\"name\":\"Licencias\"}]},{\"@type\":\"WebSite\",\"@id\":\"https:\/\/adapps.com.co\/inicio\/#website\",\"url\":\"https:\/\/adapps.com.co\/inicio\/\",\"name\":\"Adapps\",\"description\":\"Adapps\",\"potentialAction\":[{\"@type\":\"SearchAction\",\"target\":{\"@type\":\"EntryPoint\",\"urlTemplate\":\"https:\/\/adapps.com.co\/inicio\/?s={search_term_string}\"},\"query-input\":{\"@type\":\"PropertyValueSpecification\",\"valueRequired\":true,\"valueName\":\"search_term_string\"}}],\"inLanguage\":\"en-US\"}]}<\/script>\n<!-- \/ Yoast SEO plugin. -->","yoast_head_json":{"title":"Licencias - Adapps","robots":{"index":"index","follow":"follow","max-snippet":"max-snippet:-1","max-image-preview":"max-image-preview:large","max-video-preview":"max-video-preview:-1"},"canonical":"https:\/\/adapps.com.co\/inicio\/licencias\/","og_locale":"en_US","og_type":"article","og_title":"Licencias - Adapps","og_description":"[vc_row full_width=&#8221;stretch_row_content_no_spaces&#8221;][vc_column][sanjose_banner banner_style=&#8221;style_4&#8243; subtitle=&#8221;Te van a encantar&#8221; custom_height=&#8221;enable&#8221; custom_height_value=&#8221;400&#8243; title=&#8221;Despliega la descripci\u00f3n de nuestras licencias&#8221; title_color=&#8221;#ffffff&#8221; css=&#8221;.vc_custom_1618101802725{background-color: #d4ecfc !important;}&#8221;][vc_empty_space height=&#8221;50&#8243;][vc_row_inner][vc_column_inner width=&#8221;1\/6&#8243;][\/vc_column_inner][vc_column_inner width=&#8221;2\/3&#8243;][\/vc_column_inner][vc_column_inner width=&#8221;1\/6&#8243;][\/vc_column_inner][\/vc_row_inner][vc_empty_space][vc_row_inner][vc_column_inner width=&#8221;1\/5&#8243;][\/vc_column_inner][vc_column_inner width=&#8221;1\/5&#8243;][sanjose_accordian.","og_url":"https:\/\/adapps.com.co\/inicio\/licencias\/","og_site_name":"Adapps","article_modified_time":"2021-05-07T16:09:26+00:00","twitter_card":"summary_large_image","twitter_misc":{"Est. reading time":"2 minutes"},"schema":{"@context":"https:\/\/schema.org","@graph":[{"@type":"WebPage","@id":"https:\/\/adapps.com.co\/inicio\/licencias\/","url":"https:\/\/adapps.com.co\/inicio\/licencias\/","name":"Licencias - Adapps","isPartOf":{"@id":"https:\/\/adapps.com.co\/inicio\/#website"},"datePublished":"2016-07-04T21:09:07+00:00","dateModified":"2021-05-07T16:09:26+00:00","breadcrumb":{"@id":"https:\/\/adapps.com.co\/inicio\/licencias\/#breadcrumb"},"inLanguage":"en-US","potentialAction":[{"@type":"ReadAction","target":["https:\/\/adapps.com.co\/inicio\/licencias\/"]}]},{"@type":"BreadcrumbList","@id":"https:\/\/adapps.com.co\/inicio\/licencias\/#breadcrumb","itemListElement":[{"@type":"ListItem","position":1,"name":"Home","item":"https:\/\/adapps.com.co\/inicio\/"},{"@type":"ListItem","position":2,"name":"Licencias"}]},{"@type":"WebSite","@id":"https:\/\/adapps.com.co\/inicio\/#website","url":"https:\/\/adapps.com.co\/inicio\/","name":"Adapps","description":"Adapps","potentialAction":[{"@type":"SearchAction","target":{"@type":"EntryPoint","urlTemplate":"https:\/\/adapps.com.co\/inicio\/?s={search_term_string}"},"query-input":{"@type":"PropertyValueSpecification","valueRequired":true,"valueName":"search_term_string"}}],"inLanguage":"en-US"}]}},"featured_image_src":null,"featured_image_src_square":null,"_links":{"self":[{"href":"https:\/\/adapps.com.co\/inicio\/wp-json\/wp\/v2\/pages\/60","targetHints":{"allow":["GET"]}}],"collection":[{"href":"https:\/\/adapps.com.co\/inicio\/wp-json\/wp\/v2\/pages"}],"about":[{"href":"https:\/\/adapps.com.co\/inicio\/wp-json\/wp\/v2\/types\/page"}],"author":[{"embeddable":true,"href":"https:\/\/adapps.com.co\/inicio\/wp-json\/wp\/v2\/users\/1"}],"replies":[{"embeddable":true,"href":"https:\/\/adapps.com.co\/inicio\/wp-json\/wp\/v2\/comments?post=60"}],"version-history":[{"count":105,"href":"https:\/\/adapps.com.co\/inicio\/wp-json\/wp\/v2\/pages\/60\/revisions"}],"predecessor-version":[{"id":2900,"href":"https:\/\/adapps.com.co\/inicio\/wp-json\/wp\/v2\/pages\/60\/revisions\/2900"}],"wp:attachment":[{"href":"https:\/\/adapps.com.co\/inicio\/wp-json\/wp\/v2\/media?parent=60"}],"curies":[{"name":"wp","href":"https:\/\/api.w.org\/{rel}","templated":true}]}}