{"id":1278,"date":"2017-08-18T14:57:53","date_gmt":"2017-08-18T14:57:53","guid":{"rendered":"http:\/\/sanjose\/?page_id=1278"},"modified":"2021-04-11T00:39:32","modified_gmt":"2021-04-11T00:39:32","slug":"precios","status":"publish","type":"page","link":"https:\/\/adapps.com.co\/inicio\/precios\/","title":{"rendered":"Precios"},"content":{"rendered":"<p>[vc_row full_width=&#8221;stretch_row_content_no_spaces&#8221;][vc_column][sanjose_banner banner_style=&#8221;style_6&#8243; subtitle=&#8221;Explora&#8221; position_btn=&#8221;true&#8221; top_gradient_color=&#8221;#d4ecfc&#8221; top_gradient_color_two=&#8221;#d4ecfc&#8221; bottom_gradient_color=&#8221;#d4ecfc&#8221; bottom_gradient_color_two=&#8221;#d4ecfc&#8221; title=&#8221;Nuestros <i>precios<\/i>&#8220;][\/vc_column][\/vc_row][vc_row full_width=&#8221;stretch_row&#8221; large_desctop_pt=&#8221;padding-lg-70t&#8221; large_desctop_pb=&#8221;padding-lg-80b&#8221; desctop_pt=&#8221;padding-md-70t&#8221; desctop_pb=&#8221;padding-md-80b&#8221; tablets_pt=&#8221;padding-sm-50t&#8221; tablets_pb=&#8221;padding-sm-50b&#8221; mobile_pt=&#8221;padding-xs-30t&#8221; mobile_pb=&#8221;padding-xs-30b&#8221; css=&#8221;.vc_custom_1618101444469{background-position: center !important;background-repeat: no-repeat !important;background-size: cover !important;}&#8221;][vc_column][sanjose_text_block content_align=&#8221;center&#8221; title=&#8221;Licencias <i>mensuales<\/i>&#8220;][\/sanjose_text_block][sanjose_pricing style_pricing=&#8221;classic&#8221; info_price=&#8221;EL VALOR DE LA LICENCIA ANUAL TIENE 5% DE DESCUENTO&#8221;][sanjose_pricing_item currency=&#8221;$&#8221; price=&#8221;200.000&#8243; title=&#8221;TOTALE&#8221; content_list=&#8221;%5B%7B%22title_list%22%3A%22-%20%3Cstrong%3EAdaptable%3C%2Fstrong%3E%20a%20cualquier%20empresa%22%7D%2C%7B%22title_list%22%3A%22-%20%3Cstrong%3EOptima%3C%2Fstrong%3E%20para%20consolidar%20informaci%C3%B3n%22%7D%2C%7B%22title_list%22%3A%22-%20%3Cstrong%3EInformes%20financieros%20%3C%2Fstrong%3Ede%20manera%20%C3%A1gil%20%22%7D%5D&#8221; description=&#8221;Administraci\u00f3n&#8221;][sanjose_pricing_item currency=&#8221;$&#8221; price=&#8221;250.000&#8243; title=&#8221;MAGAZZINO&#8221; content_list=&#8221;%5B%7B%22title_list%22%3A%22-%20%3Cstrong%3ELicencia%3C%2Fstrong%3E%20para%20empresas%20comerciales%22%7D%2C%7B%22title_list%22%3A%22-%20%3Cstrong%3ELlevar%20un%20control%20%3C%2Fstrong%3Ede%20las%20existencias%22%7D%2C%7B%22title_list%22%3A%22-%20Te%20ayuda%20a%20%3Cstrong%3Eorganizar%20la%20informaci%C3%B3n%20%3C%2Fstrong%3E%22%7D%5D&#8221; description=&#8221;INVENTARIOS&#8221;][sanjose_pricing_item currency=&#8221;$&#8221; price=&#8221;250.000&#8243; title=&#8221;CONDOMINI&#8221; content_list=&#8221;%5B%7B%22title_list%22%3A%22-%20%3Cstrong%3ERegistro%20de%20los%20inmuebles%20%3C%2Fstrong%3E%22%7D%2C%7B%22title_list%22%3A%22-%20Cuenta%20con%20los%20%3Cstrong%3Em%C3%B3dulos%20de%20Contabilidad%20%3C%2Fstrong%3E%22%7D%2C%7B%22title_list%22%3A%22-%20Factura%20electr%C3%B3nicamente%20y%20transmite%20nominas%20electr%C3%B3nicas%20%22%7D%5D&#8221; description=&#8221;Propiedad Horizontal&#8221;][sanjose_pricing_item currency=&#8221;$&#8221; price=&#8221;250.000&#8243; title=&#8221;TEMPO&#8221; content_list=&#8221;%5B%7B%22title_list%22%3A%22-%20Indicado%20para%20las%20empresas%20de%20%3Cstrong%3EServicios%20Temporales%20%3C%2Fstrong%3E%20%22%7D%2C%7B%22title_list%22%3A%22-%20Se%20centra%20en%20la%20administraci%C3%B3n%20de%20los%20%3Cstrong%3Erecursos%20humanos%20%3C%2Fstrong%3E%22%7D%2C%7B%22title_list%22%3A%22-%20Organiza%20los%20procesos%20que%20conlleva%20una%20relaci%C3%B3n%20laboral%22%7D%5D&#8221; description=&#8221;Administraci\u00f3n de Personal y Recursos Humanos&#8221;][sanjose_pricing_item currency=&#8221;$&#8221; price=&#8221;200.000&#8243; title=&#8221;LAVORO&#8221; content_list=&#8221;%5B%7B%22title_list%22%3A%22-%20%3Cstrong%3EGeneraci%C3%B3n%3C%2Fstrong%3E%20del%20contrato%20laboral%20%22%7D%2C%7B%22title_list%22%3A%22-%20%3Cstrong%3ELiquidaci%C3%B3n%20%3C%2Fstrong%3E%20del%20contrato%20laboral%22%7D%2C%7B%22title_list%22%3A%22-%20Adaptable%20a%20los%20requerimientos%20de%20la%20empresa%20%22%7D%5D&#8221; description=&#8221;Nomina&#8221;][sanjose_pricing_item link=&#8221;url:https%3A%2F%2Fthemeforest.net%2Fitem%2Fsan-jose-creative-multipurpose-software-saas-product-wordpress-theme%2F20033647|title:Adquiere%20nuestras%20licencias&#8221; title=&#8221;Ten en cuenta que:&#8221; content_list=&#8221;%5B%7B%22title_list%22%3A%22-%20La%20instalaci%C3%B3n%20de%20la%20licencia%20de%20Gruppo%20es%20para%20uso%20EXCLUSIVO%20de%20la%20empresa%20que%20lo%20adquiera.%22%7D%2C%7B%22title_list%22%3A%22-%20Sin%20l%C3%ADmite%20de%20instalaciones%2C%20conexiones%20y%20usuarios%22%7D%2C%7B%22title_list%22%3A%22-%20Se%20conecta%20mediante%20servidores%20AMAZON%20WEB%20SERVICE%22%7D%2C%7B%22title_list%22%3A%22-%20Es%20necesario%20que%20cuentes%20con%20conexi%C3%B3n%20a%20internet%20estable%22%7D%5D&#8221;][\/sanjose_pricing][vc_column_text]<\/p>\n<ol>\n<li><em>Valores m\u00ednimos por licencia, los precios var\u00edan seg\u00fan el n\u00famero de empleados de la empresa y\/o el tama\u00f1o de la misma.<\/em><\/li>\n<li><em>Valores m\u00ednimos por licencia, los precios var\u00edan seg\u00fan el n\u00famero de inmuebles de la unidad residencial.<\/em><\/li>\n<\/ol>\n<p>[\/vc_column_text][\/vc_column][\/vc_row][vc_row full_width=&#8221;stretch_row&#8221; large_desctop_pt=&#8221;padding-lg-115t&#8221; large_desctop_pb=&#8221;padding-lg-110b&#8221; desctop_pt=&#8221;padding-md-70t&#8221; desctop_pb=&#8221;padding-md-70b&#8221; tablets_pt=&#8221;padding-sm-50t&#8221; tablets_pb=&#8221;padding-sm-50b&#8221; mobile_pt=&#8221;padding-xs-30t&#8221; mobile_pb=&#8221;padding-xs-30b&#8221; css=&#8221;.vc_custom_1618101454887{background-color: #f1f6f7 !important;}&#8221;][vc_column][sanjose_text_block content_align=&#8221;center&#8221; title=&#8221;\u00bfTienes alguna duda?&#8221;]No dudes en contactarnos[\/sanjose_text_block][\/vc_column][vc_column large_desctop_pt=&#8221;padding-lg-40t&#8221; desctop_pt=&#8221;padding-md-40t&#8221; tablets_pt=&#8221;padding-sm-30t&#8221; mobile_pt=&#8221;padding-xs-30t&#8221; mobile_pb=&#8221;padding-xs-40b&#8221; offset=&#8221;vc_col-lg-7 vc_col-md-7 vc_col-xs-12&#8243;][vc_single_image image=&#8221;2610&#8243; img_size=&#8221;large&#8221; alignment=&#8221;right&#8221;][\/vc_column][vc_column offset=&#8221;vc_col-lg-offset-1 vc_col-lg-4 vc_col-md-offset-1 vc_col-md-4 vc_col-xs-12&#8243; css=&#8221;.vc_custom_1618101568565{background-color: #ffffff !important;border-radius: 10px !important;}&#8221; el_class=&#8221;form-padd&#8221;][sanjose_form form=&#8221;1301&#8243; el_class=&#8221;custom-form&#8221;][\/vc_column][\/vc_row]<\/p>\n","protected":false},"excerpt":{"rendered":"<p>[vc_row full_width=&#8221;stretch_row_content_no_spaces&#8221;][vc_column][sanjose_banner banner_style=&#8221;style_6&#8243; subtitle=&#8221;Explora&#8221; position_btn=&#8221;true&#8221; top_gradient_color=&#8221;#d4ecfc&#8221; top_gradient_color_two=&#8221;#d4ecfc&#8221; bottom_gradient_color=&#8221;#d4ecfc&#8221; bottom_gradient_color_two=&#8221;#d4ecfc&#8221; title=&#8221;Nuestros precios&#8220;][\/vc_column][\/vc_row][vc_row full_width=&#8221;stretch_row&#8221; large_desctop_pt=&#8221;padding-lg-70t&#8221; large_desctop_pb=&#8221;padding-lg-80b&#8221; desctop_pt=&#8221;padding-md-70t&#8221; desctop_pb=&#8221;padding-md-80b&#8221; tablets_pt=&#8221;padding-sm-50t&#8221; tablets_pb=&#8221;padding-sm-50b&#8221; mobile_pt=&#8221;padding-xs-30t&#8221; mobile_pb=&#8221;padding-xs-30b&#8221; css=&#8221;.vc_custom_1618101444469{background-position: center !important;background-repeat: no-repeat !important;background-size:.<\/p>\n","protected":false},"author":1,"featured_media":0,"parent":0,"menu_order":0,"comment_status":"closed","ping_status":"closed","template":"","meta":{"_joinchat":[],"footnotes":""},"class_list":["post-1278","page","type-page","status-publish","hentry","entry"],"yoast_head":"<!-- This site is optimized with the Yoast SEO plugin v27.0 - https:\/\/yoast.com\/product\/yoast-seo-wordpress\/ -->\n<title>Precios - Adapps<\/title>\n<meta name=\"robots\" content=\"index, follow, max-snippet:-1, max-image-preview:large, max-video-preview:-1\" \/>\n<link rel=\"canonical\" href=\"https:\/\/adapps.com.co\/inicio\/precios\/\" \/>\n<meta property=\"og:locale\" content=\"en_US\" \/>\n<meta property=\"og:type\" content=\"article\" \/>\n<meta property=\"og:title\" content=\"Precios - Adapps\" \/>\n<meta property=\"og:description\" content=\"[vc_row full_width=&#8221;stretch_row_content_no_spaces&#8221;][vc_column][sanjose_banner banner_style=&#8221;style_6&#8243; subtitle=&#8221;Explora&#8221; position_btn=&#8221;true&#8221; top_gradient_color=&#8221;#d4ecfc&#8221; top_gradient_color_two=&#8221;#d4ecfc&#8221; bottom_gradient_color=&#8221;#d4ecfc&#8221; bottom_gradient_color_two=&#8221;#d4ecfc&#8221; title=&#8221;Nuestros precios&#8220;][\/vc_column][\/vc_row][vc_row full_width=&#8221;stretch_row&#8221; large_desctop_pt=&#8221;padding-lg-70t&#8221; large_desctop_pb=&#8221;padding-lg-80b&#8221; desctop_pt=&#8221;padding-md-70t&#8221; desctop_pb=&#8221;padding-md-80b&#8221; tablets_pt=&#8221;padding-sm-50t&#8221; tablets_pb=&#8221;padding-sm-50b&#8221; mobile_pt=&#8221;padding-xs-30t&#8221; mobile_pb=&#8221;padding-xs-30b&#8221; css=&#8221;.vc_custom_1618101444469{background-position: center !important;background-repeat: no-repeat !important;background-size:.\" \/>\n<meta property=\"og:url\" content=\"https:\/\/adapps.com.co\/inicio\/precios\/\" \/>\n<meta property=\"og:site_name\" content=\"Adapps\" \/>\n<meta property=\"article:modified_time\" content=\"2021-04-11T00:39:32+00:00\" \/>\n<meta name=\"twitter:card\" content=\"summary_large_image\" \/>\n<meta name=\"twitter:label1\" content=\"Est. reading time\" \/>\n\t<meta name=\"twitter:data1\" content=\"1 minute\" \/>\n<script type=\"application\/ld+json\" class=\"yoast-schema-graph\">{\"@context\":\"https:\/\/schema.org\",\"@graph\":[{\"@type\":\"WebPage\",\"@id\":\"https:\/\/adapps.com.co\/inicio\/precios\/\",\"url\":\"https:\/\/adapps.com.co\/inicio\/precios\/\",\"name\":\"Precios - Adapps\",\"isPartOf\":{\"@id\":\"https:\/\/adapps.com.co\/inicio\/#website\"},\"datePublished\":\"2017-08-18T14:57:53+00:00\",\"dateModified\":\"2021-04-11T00:39:32+00:00\",\"breadcrumb\":{\"@id\":\"https:\/\/adapps.com.co\/inicio\/precios\/#breadcrumb\"},\"inLanguage\":\"en-US\",\"potentialAction\":[{\"@type\":\"ReadAction\",\"target\":[\"https:\/\/adapps.com.co\/inicio\/precios\/\"]}]},{\"@type\":\"BreadcrumbList\",\"@id\":\"https:\/\/adapps.com.co\/inicio\/precios\/#breadcrumb\",\"itemListElement\":[{\"@type\":\"ListItem\",\"position\":1,\"name\":\"Home\",\"item\":\"https:\/\/adapps.com.co\/inicio\/\"},{\"@type\":\"ListItem\",\"position\":2,\"name\":\"Precios\"}]},{\"@type\":\"WebSite\",\"@id\":\"https:\/\/adapps.com.co\/inicio\/#website\",\"url\":\"https:\/\/adapps.com.co\/inicio\/\",\"name\":\"Adapps\",\"description\":\"Adapps\",\"potentialAction\":[{\"@type\":\"SearchAction\",\"target\":{\"@type\":\"EntryPoint\",\"urlTemplate\":\"https:\/\/adapps.com.co\/inicio\/?s={search_term_string}\"},\"query-input\":{\"@type\":\"PropertyValueSpecification\",\"valueRequired\":true,\"valueName\":\"search_term_string\"}}],\"inLanguage\":\"en-US\"}]}<\/script>\n<!-- \/ Yoast SEO plugin. -->","yoast_head_json":{"title":"Precios - Adapps","robots":{"index":"index","follow":"follow","max-snippet":"max-snippet:-1","max-image-preview":"max-image-preview:large","max-video-preview":"max-video-preview:-1"},"canonical":"https:\/\/adapps.com.co\/inicio\/precios\/","og_locale":"en_US","og_type":"article","og_title":"Precios - Adapps","og_description":"[vc_row full_width=&#8221;stretch_row_content_no_spaces&#8221;][vc_column][sanjose_banner banner_style=&#8221;style_6&#8243; subtitle=&#8221;Explora&#8221; position_btn=&#8221;true&#8221; top_gradient_color=&#8221;#d4ecfc&#8221; top_gradient_color_two=&#8221;#d4ecfc&#8221; bottom_gradient_color=&#8221;#d4ecfc&#8221; bottom_gradient_color_two=&#8221;#d4ecfc&#8221; title=&#8221;Nuestros precios&#8220;][\/vc_column][\/vc_row][vc_row full_width=&#8221;stretch_row&#8221; large_desctop_pt=&#8221;padding-lg-70t&#8221; large_desctop_pb=&#8221;padding-lg-80b&#8221; desctop_pt=&#8221;padding-md-70t&#8221; desctop_pb=&#8221;padding-md-80b&#8221; tablets_pt=&#8221;padding-sm-50t&#8221; tablets_pb=&#8221;padding-sm-50b&#8221; mobile_pt=&#8221;padding-xs-30t&#8221; mobile_pb=&#8221;padding-xs-30b&#8221; css=&#8221;.vc_custom_1618101444469{background-position: center !important;background-repeat: no-repeat !important;background-size:.","og_url":"https:\/\/adapps.com.co\/inicio\/precios\/","og_site_name":"Adapps","article_modified_time":"2021-04-11T00:39:32+00:00","twitter_card":"summary_large_image","twitter_misc":{"Est. reading time":"1 minute"},"schema":{"@context":"https:\/\/schema.org","@graph":[{"@type":"WebPage","@id":"https:\/\/adapps.com.co\/inicio\/precios\/","url":"https:\/\/adapps.com.co\/inicio\/precios\/","name":"Precios - Adapps","isPartOf":{"@id":"https:\/\/adapps.com.co\/inicio\/#website"},"datePublished":"2017-08-18T14:57:53+00:00","dateModified":"2021-04-11T00:39:32+00:00","breadcrumb":{"@id":"https:\/\/adapps.com.co\/inicio\/precios\/#breadcrumb"},"inLanguage":"en-US","potentialAction":[{"@type":"ReadAction","target":["https:\/\/adapps.com.co\/inicio\/precios\/"]}]},{"@type":"BreadcrumbList","@id":"https:\/\/adapps.com.co\/inicio\/precios\/#breadcrumb","itemListElement":[{"@type":"ListItem","position":1,"name":"Home","item":"https:\/\/adapps.com.co\/inicio\/"},{"@type":"ListItem","position":2,"name":"Precios"}]},{"@type":"WebSite","@id":"https:\/\/adapps.com.co\/inicio\/#website","url":"https:\/\/adapps.com.co\/inicio\/","name":"Adapps","description":"Adapps","potentialAction":[{"@type":"SearchAction","target":{"@type":"EntryPoint","urlTemplate":"https:\/\/adapps.com.co\/inicio\/?s={search_term_string}"},"query-input":{"@type":"PropertyValueSpecification","valueRequired":true,"valueName":"search_term_string"}}],"inLanguage":"en-US"}]}},"featured_image_src":null,"featured_image_src_square":null,"_links":{"self":[{"href":"https:\/\/adapps.com.co\/inicio\/wp-json\/wp\/v2\/pages\/1278","targetHints":{"allow":["GET"]}}],"collection":[{"href":"https:\/\/adapps.com.co\/inicio\/wp-json\/wp\/v2\/pages"}],"about":[{"href":"https:\/\/adapps.com.co\/inicio\/wp-json\/wp\/v2\/types\/page"}],"author":[{"embeddable":true,"href":"https:\/\/adapps.com.co\/inicio\/wp-json\/wp\/v2\/users\/1"}],"replies":[{"embeddable":true,"href":"https:\/\/adapps.com.co\/inicio\/wp-json\/wp\/v2\/comments?post=1278"}],"version-history":[{"count":32,"href":"https:\/\/adapps.com.co\/inicio\/wp-json\/wp\/v2\/pages\/1278\/revisions"}],"predecessor-version":[{"id":2769,"href":"https:\/\/adapps.com.co\/inicio\/wp-json\/wp\/v2\/pages\/1278\/revisions\/2769"}],"wp:attachment":[{"href":"https:\/\/adapps.com.co\/inicio\/wp-json\/wp\/v2\/media?parent=1278"}],"curies":[{"name":"wp","href":"https:\/\/api.w.org\/{rel}","templated":true}]}}