{"id":1243,"date":"2017-08-18T07:36:47","date_gmt":"2017-08-18T07:36:47","guid":{"rendered":"http:\/\/sanjose\/?page_id=1243"},"modified":"2021-05-19T14:13:25","modified_gmt":"2021-05-19T14:13:25","slug":"inicio","status":"publish","type":"page","link":"https:\/\/adapps.com.co\/inicio\/","title":{"rendered":"Inicio"},"content":{"rendered":"<p>[vc_row full_width=&#8221;stretch_row_content_no_spaces&#8221;][vc_column el_class=&#8221;mobile-spase&#8221;][sanjose_banner subtitle=&#8221;Aplicaciones din\u00e1micas adaptables&#8221; custom_height=&#8221;enable&#8221; custom_height_value=&#8221;500&#8243; title_font_size=&#8221;80&#8243; subtitle_font_size=&#8221;20&#8243; link2=&#8221;url:https%3A%2F%2Fthemeforest.net%2Fitem%2Fsoftease-multipurpose-software-saas-product-wordpress-theme%2F17052300%3Fref%3Dqodearena|title:PURCHASE%20NOW|target:%20_blank|&#8221; title_color=&#8221;#000000&#8243; subtitle_color=&#8221;#000000&#8243; css=&#8221;.vc_custom_1618098762986{background-image: url(http:\/\/adapps.com.co\/inicio\/wp-content\/uploads\/2021\/03\/banner4-scaled.jpg?id=2482) !important;}&#8221; text_color=&#8221;#000000&#8243; button_color=&#8221;#8224e3&#8243; title=&#8221;Somos <i>adapps<\/i>&#8221; image=&#8221;2459&#8243;][\/vc_column][\/vc_row][vc_row][vc_column width=&#8221;1\/4&#8243;][\/vc_column][vc_column width=&#8221;1\/4&#8243;][\/vc_column][\/vc_row][vc_row large_desctop_pt=&#8221;padding-lg-70t&#8221; desctop_pt=&#8221;padding-md-100t&#8221; desctop_pb=&#8221;padding-md-5b&#8221; tablets_pt=&#8221;padding-sm-50t&#8221; tablets_pb=&#8221;padding-sm-5b&#8221; mobile_pt=&#8221;padding-xs-30t&#8221; mobile_pb=&#8221;padding-xs-5b&#8221;][vc_column width=&#8221;4\/12&#8243; large_desctop_pt=&#8221;padding-lg-35t&#8221;][sanjose_text_block el_class=&#8221;custom-lh&#8221; title_font_size=&#8221;42&#8243; title=&#8221;Nuestras <i>licencias<\/i>&#8221; button=&#8221;url:http%3A%2F%2Fadapps.com.co%2Finicio%2Flicencias%2F|title:Descubre%20%3Cspan%3E%3Ci%3Enuestros%3C%2Fi%3E%3C%2Fspan%3E%20servicios&#8221; button_color=&#8221;#009ee2&#8243; text_color=&#8221;#000000&#8243; title_color=&#8221;#3f3f3f&#8221; button_text_color=&#8221;#000000&#8243;]Somos un sistema de informaci\u00f3n modular que te permitir\u00e1 la integraci\u00f3n de los m\u00f3dulos que requiera tu empresa para su correcto funcionamiento.<\/p>\n<p>La experiencia adquirida durante 12 a\u00f1os con empresas de diversos sectores de la econom\u00eda nos permite ofrecerles a nuestros clientes la garant\u00eda y confiabilidad de la renovaci\u00f3n de las t\u00e9cnicas de la compa\u00f1\u00eda.[\/sanjose_text_block][\/vc_column][vc_column width=&#8221;1\/12&#8243;][\/vc_column][vc_column width=&#8221;1\/4&#8243; tablets_pt=&#8221;padding-sm-70t&#8221; el_class=&#8221;no-padd-r-md&#8221;][sanjose_featured_block icon_type=&#8221;info&#8221; icon_info=&#8221;icon-featured-bar-chart&#8221; text=&#8221;Esta licencia se adapta a cualquier empresa comercial o de servicios que desee consolidar su informaci\u00f3n de forma clara para obtener informes financieros de manera \u00e1gil y oportuna que ayuden en la toma de decisiones de modo preciso.&#8221; title=&#8221;TOTALE&#8221; icon_color=&#8221;#bc3e8e&#8221;][sanjose_featured_block icon_type=&#8221;info&#8221; icon_info=&#8221;icon-info-11&#8243; text=&#8221;Lleva control de tus existencias, realiza auditoria de costos. Organiza informaci\u00f3n de clientes, proveedores y vendedores. Generar informes de compras y ventas.&#8221; title=&#8221;MAGAZINO&#8221; icon_color=&#8221;#bc3e8e&#8221;][sanjose_featured_block icon_type=&#8221;info&#8221; icon_info=&#8221;icon-info-9&#8243; text=&#8221;Obt\u00e9n un sistema de informaci\u00f3n que te permita tener el registro de los inmuebles de tu unidad residencial, de los propietarios y residentes que las ocupan.&#8221; title=&#8221;CONDOMINI&#8221; icon_color=&#8221;#bc3e8e&#8221;][\/vc_column][vc_column width=&#8221;1\/12&#8243;][\/vc_column][vc_column width=&#8221;3\/12&#8243;][sanjose_featured_block icon_type=&#8221;info&#8221; icon_info=&#8221;icon-info-3&#8243; text=&#8221;Especial para Servicios Temporales. Se centra en la administraci\u00f3n de recursos humanos desde la contrataci\u00f3n de empleados hasta la liquidaci\u00f3n del contrato de trabajo.&#8221; title=&#8221;TEMPO&#8221; icon_color=&#8221;#bc3e8e&#8221;][sanjose_featured_block icon_type=&#8221;info&#8221; icon_info=&#8221;icon-info-2&#8243; text=&#8221;Realiza procesos de la relaci\u00f3n laboral patrono \u2013 empleado, desde la generaci\u00f3n del contrato laboral hasta la liquidaci\u00f3n del mismo. Adaptable a los requerimientos de tu empresa.&#8221; title=&#8221;LAVORO&#8221; icon_color=&#8221;#bc3e8e&#8221;][\/vc_column][\/vc_row][vc_row full_width=&#8221;stretch_row&#8221; css=&#8221;.vc_custom_1618148009748{margin-top: 30px !important;margin-bottom: 30px !important;background-color: #d5e5e9 !important;}&#8221;][vc_column][vc_row_inner][vc_column_inner][vc_empty_space height=&#8221;50&#8243;][sanjose_text_block content_align=&#8221;center&#8221; title=&#8221;Aplicaciones din\u00e1micas <i>adaptables<\/i>&#8221; text_color=&#8221;#515151&#8243;]<\/p>\n<h3>Te ofrecemos soluciones para:<\/h3>\n<p>[\/sanjose_text_block][vc_empty_space height=&#8221;50px&#8221;][vc_images_carousel images=&#8221;2861,2863,2865,2867&#8243; img_size=&#8221;full&#8221; onclick=&#8221;link_no&#8221; speed=&#8221;8000&#8243; autoplay=&#8221;yes&#8221; wrap=&#8221;yes&#8221; css_animation=&#8221;none&#8221;][vc_empty_space height=&#8221;50px&#8221;][\/vc_column_inner][\/vc_row_inner][\/vc_column][\/vc_row]<\/p>\n","protected":false},"excerpt":{"rendered":"<p>[vc_row full_width=&#8221;stretch_row_content_no_spaces&#8221;][vc_column el_class=&#8221;mobile-spase&#8221;][sanjose_banner subtitle=&#8221;Aplicaciones din\u00e1micas adaptables&#8221; custom_height=&#8221;enable&#8221; custom_height_value=&#8221;500&#8243; title_font_size=&#8221;80&#8243; subtitle_font_size=&#8221;20&#8243; link2=&#8221;url:https%3A%2F%2Fthemeforest.net%2Fitem%2Fsoftease-multipurpose-software-saas-product-wordpress-theme%2F17052300%3Fref%3Dqodearena|title:PURCHASE%20NOW|target:%20_blank|&#8221; title_color=&#8221;#000000&#8243; subtitle_color=&#8221;#000000&#8243; css=&#8221;.vc_custom_1618098762986{background-image: url(http:\/\/adapps.com.co\/inicio\/wp-content\/uploads\/2021\/03\/banner4-scaled.jpg?id=2482) !important;}&#8221; text_color=&#8221;#000000&#8243; button_color=&#8221;#8224e3&#8243; title=&#8221;Somos adapps&#8221; image=&#8221;2459&#8243;][\/vc_column][\/vc_row][vc_row][vc_column width=&#8221;1\/4&#8243;][\/vc_column][vc_column width=&#8221;1\/4&#8243;][\/vc_column][\/vc_row][vc_row large_desctop_pt=&#8221;padding-lg-70t&#8221; desctop_pt=&#8221;padding-md-100t&#8221;.<\/p>\n","protected":false},"author":1,"featured_media":0,"parent":0,"menu_order":0,"comment_status":"closed","ping_status":"closed","template":"","meta":{"_joinchat":[],"footnotes":""},"class_list":["post-1243","page","type-page","status-publish","hentry","entry"],"yoast_head":"<!-- This site is optimized with the Yoast SEO plugin v27.0 - https:\/\/yoast.com\/product\/yoast-seo-wordpress\/ -->\n<title>Inicio - Adapps<\/title>\n<meta name=\"robots\" content=\"index, follow, max-snippet:-1, max-image-preview:large, max-video-preview:-1\" \/>\n<link rel=\"canonical\" href=\"https:\/\/adapps.com.co\/inicio\/\" \/>\n<meta property=\"og:locale\" content=\"en_US\" \/>\n<meta property=\"og:type\" content=\"article\" \/>\n<meta property=\"og:title\" content=\"Inicio - Adapps\" \/>\n<meta property=\"og:description\" content=\"[vc_row full_width=&#8221;stretch_row_content_no_spaces&#8221;][vc_column el_class=&#8221;mobile-spase&#8221;][sanjose_banner subtitle=&#8221;Aplicaciones din\u00e1micas adaptables&#8221; custom_height=&#8221;enable&#8221; custom_height_value=&#8221;500&#8243; title_font_size=&#8221;80&#8243; subtitle_font_size=&#8221;20&#8243; link2=&#8221;url:https%3A%2F%2Fthemeforest.net%2Fitem%2Fsoftease-multipurpose-software-saas-product-wordpress-theme%2F17052300%3Fref%3Dqodearena|title:PURCHASE%20NOW|target:%20_blank|&#8221; title_color=&#8221;#000000&#8243; subtitle_color=&#8221;#000000&#8243; css=&#8221;.vc_custom_1618098762986{background-image: url(http:\/\/adapps.com.co\/inicio\/wp-content\/uploads\/2021\/03\/banner4-scaled.jpg?id=2482) !important;}&#8221; text_color=&#8221;#000000&#8243; button_color=&#8221;#8224e3&#8243; title=&#8221;Somos adapps&#8221; image=&#8221;2459&#8243;][\/vc_column][\/vc_row][vc_row][vc_column width=&#8221;1\/4&#8243;][\/vc_column][vc_column width=&#8221;1\/4&#8243;][\/vc_column][\/vc_row][vc_row large_desctop_pt=&#8221;padding-lg-70t&#8221; desctop_pt=&#8221;padding-md-100t&#8221;.\" \/>\n<meta property=\"og:url\" content=\"https:\/\/adapps.com.co\/inicio\/\" \/>\n<meta property=\"og:site_name\" content=\"Adapps\" \/>\n<meta property=\"article:modified_time\" content=\"2021-05-19T14:13:25+00:00\" \/>\n<meta name=\"twitter:card\" content=\"summary_large_image\" \/>\n<meta name=\"twitter:label1\" content=\"Est. reading time\" \/>\n\t<meta name=\"twitter:data1\" content=\"2 minutes\" \/>\n<script type=\"application\/ld+json\" class=\"yoast-schema-graph\">{\"@context\":\"https:\/\/schema.org\",\"@graph\":[{\"@type\":\"WebPage\",\"@id\":\"https:\/\/adapps.com.co\/inicio\/\",\"url\":\"https:\/\/adapps.com.co\/inicio\/\",\"name\":\"Inicio - Adapps\",\"isPartOf\":{\"@id\":\"https:\/\/adapps.com.co\/inicio\/#website\"},\"datePublished\":\"2017-08-18T07:36:47+00:00\",\"dateModified\":\"2021-05-19T14:13:25+00:00\",\"breadcrumb\":{\"@id\":\"https:\/\/adapps.com.co\/inicio\/#breadcrumb\"},\"inLanguage\":\"en-US\",\"potentialAction\":[{\"@type\":\"ReadAction\",\"target\":[\"https:\/\/adapps.com.co\/inicio\/\"]}]},{\"@type\":\"BreadcrumbList\",\"@id\":\"https:\/\/adapps.com.co\/inicio\/#breadcrumb\",\"itemListElement\":[{\"@type\":\"ListItem\",\"position\":1,\"name\":\"Home\",\"item\":\"https:\/\/adapps.com.co\/inicio\/\"},{\"@type\":\"ListItem\",\"position\":2,\"name\":\"Inicio\"}]},{\"@type\":\"WebSite\",\"@id\":\"https:\/\/adapps.com.co\/inicio\/#website\",\"url\":\"https:\/\/adapps.com.co\/inicio\/\",\"name\":\"Adapps\",\"description\":\"Adapps\",\"potentialAction\":[{\"@type\":\"SearchAction\",\"target\":{\"@type\":\"EntryPoint\",\"urlTemplate\":\"https:\/\/adapps.com.co\/inicio\/?s={search_term_string}\"},\"query-input\":{\"@type\":\"PropertyValueSpecification\",\"valueRequired\":true,\"valueName\":\"search_term_string\"}}],\"inLanguage\":\"en-US\"}]}<\/script>\n<!-- \/ Yoast SEO plugin. -->","yoast_head_json":{"title":"Inicio - Adapps","robots":{"index":"index","follow":"follow","max-snippet":"max-snippet:-1","max-image-preview":"max-image-preview:large","max-video-preview":"max-video-preview:-1"},"canonical":"https:\/\/adapps.com.co\/inicio\/","og_locale":"en_US","og_type":"article","og_title":"Inicio - Adapps","og_description":"[vc_row full_width=&#8221;stretch_row_content_no_spaces&#8221;][vc_column el_class=&#8221;mobile-spase&#8221;][sanjose_banner subtitle=&#8221;Aplicaciones din\u00e1micas adaptables&#8221; custom_height=&#8221;enable&#8221; custom_height_value=&#8221;500&#8243; title_font_size=&#8221;80&#8243; subtitle_font_size=&#8221;20&#8243; link2=&#8221;url:https%3A%2F%2Fthemeforest.net%2Fitem%2Fsoftease-multipurpose-software-saas-product-wordpress-theme%2F17052300%3Fref%3Dqodearena|title:PURCHASE%20NOW|target:%20_blank|&#8221; title_color=&#8221;#000000&#8243; subtitle_color=&#8221;#000000&#8243; css=&#8221;.vc_custom_1618098762986{background-image: url(http:\/\/adapps.com.co\/inicio\/wp-content\/uploads\/2021\/03\/banner4-scaled.jpg?id=2482) !important;}&#8221; text_color=&#8221;#000000&#8243; button_color=&#8221;#8224e3&#8243; title=&#8221;Somos adapps&#8221; image=&#8221;2459&#8243;][\/vc_column][\/vc_row][vc_row][vc_column width=&#8221;1\/4&#8243;][\/vc_column][vc_column width=&#8221;1\/4&#8243;][\/vc_column][\/vc_row][vc_row large_desctop_pt=&#8221;padding-lg-70t&#8221; desctop_pt=&#8221;padding-md-100t&#8221;.","og_url":"https:\/\/adapps.com.co\/inicio\/","og_site_name":"Adapps","article_modified_time":"2021-05-19T14:13:25+00:00","twitter_card":"summary_large_image","twitter_misc":{"Est. reading time":"2 minutes"},"schema":{"@context":"https:\/\/schema.org","@graph":[{"@type":"WebPage","@id":"https:\/\/adapps.com.co\/inicio\/","url":"https:\/\/adapps.com.co\/inicio\/","name":"Inicio - Adapps","isPartOf":{"@id":"https:\/\/adapps.com.co\/inicio\/#website"},"datePublished":"2017-08-18T07:36:47+00:00","dateModified":"2021-05-19T14:13:25+00:00","breadcrumb":{"@id":"https:\/\/adapps.com.co\/inicio\/#breadcrumb"},"inLanguage":"en-US","potentialAction":[{"@type":"ReadAction","target":["https:\/\/adapps.com.co\/inicio\/"]}]},{"@type":"BreadcrumbList","@id":"https:\/\/adapps.com.co\/inicio\/#breadcrumb","itemListElement":[{"@type":"ListItem","position":1,"name":"Home","item":"https:\/\/adapps.com.co\/inicio\/"},{"@type":"ListItem","position":2,"name":"Inicio"}]},{"@type":"WebSite","@id":"https:\/\/adapps.com.co\/inicio\/#website","url":"https:\/\/adapps.com.co\/inicio\/","name":"Adapps","description":"Adapps","potentialAction":[{"@type":"SearchAction","target":{"@type":"EntryPoint","urlTemplate":"https:\/\/adapps.com.co\/inicio\/?s={search_term_string}"},"query-input":{"@type":"PropertyValueSpecification","valueRequired":true,"valueName":"search_term_string"}}],"inLanguage":"en-US"}]}},"featured_image_src":null,"featured_image_src_square":null,"_links":{"self":[{"href":"https:\/\/adapps.com.co\/inicio\/wp-json\/wp\/v2\/pages\/1243","targetHints":{"allow":["GET"]}}],"collection":[{"href":"https:\/\/adapps.com.co\/inicio\/wp-json\/wp\/v2\/pages"}],"about":[{"href":"https:\/\/adapps.com.co\/inicio\/wp-json\/wp\/v2\/types\/page"}],"author":[{"embeddable":true,"href":"https:\/\/adapps.com.co\/inicio\/wp-json\/wp\/v2\/users\/1"}],"replies":[{"embeddable":true,"href":"https:\/\/adapps.com.co\/inicio\/wp-json\/wp\/v2\/comments?post=1243"}],"version-history":[{"count":160,"href":"https:\/\/adapps.com.co\/inicio\/wp-json\/wp\/v2\/pages\/1243\/revisions"}],"predecessor-version":[{"id":2904,"href":"https:\/\/adapps.com.co\/inicio\/wp-json\/wp\/v2\/pages\/1243\/revisions\/2904"}],"wp:attachment":[{"href":"https:\/\/adapps.com.co\/inicio\/wp-json\/wp\/v2\/media?parent=1243"}],"curies":[{"name":"wp","href":"https:\/\/api.w.org\/{rel}","templated":true}]}}