{"id":1064,"date":"2017-08-15T15:46:40","date_gmt":"2017-08-15T15:46:40","guid":{"rendered":"http:\/\/sanjose\/?page_id=1064"},"modified":"2021-05-19T14:11:26","modified_gmt":"2021-05-19T14:11:26","slug":"acerca-de-nosotros","status":"publish","type":"page","link":"https:\/\/adapps.com.co\/inicio\/acerca-de-nosotros\/","title":{"rendered":"Acerca de nosotros"},"content":{"rendered":"<p>[vc_row full_width=&#8221;stretch_row&#8221; css=&#8221;.vc_custom_1618100237243{background-color: #d4ecfc !important;}&#8221;][vc_column][sanjose_banner banner_style=&#8221;style_6&#8243; subtitle=&#8221;Acerca de nosotros&#8221; custom_height=&#8221;enable&#8221; custom_height_value=&#8221;400&#8243; top_gradient_color=&#8221;#d4ecfc&#8221; top_gradient_color_two=&#8221;#d4ecfc&#8221; bottom_gradient_color=&#8221;#d4ecfc&#8221; bottom_gradient_color_two=&#8221;#d4ecfc&#8221; title=&#8221;<i>Vamos<\/i> a sorprenderte&#8221; css=&#8221;.vc_custom_1618100374779{background-color: #d4ecfc !important;}&#8221;][\/vc_column][\/vc_row][vc_row large_desctop_pt=&#8221;padding-lg-150t&#8221;][vc_column][sanjose_text_block content_align=&#8221;center&#8221; title=&#8221;<i>\u00bfPor qu\u00e9?<\/i> Debes escogernos&#8221;]<\/p>\n<h6>Nos dedicamos a estudiar los procesos de las empresas y proponemos un plan de mejoramiento a trav\u00e9s del desarrollo de Software a la medida que permita agilizar y facilitar las operaciones, dando resultados \u00f3ptimos confiables.<\/h6>\n<p>[\/sanjose_text_block][sanjose_text_block title_tag=&#8221;h3&#8243; content_align=&#8221;center&#8221; title=&#8221;Nuestro beneficios son:&#8221;][\/sanjose_text_block][\/vc_column][\/vc_row][vc_row large_desctop_pt=&#8221;padding-lg-85t&#8221; desctop_pt=&#8221;padding-md-85t&#8221; tablets_pt=&#8221;padding-sm-50t&#8221; mobile_pt=&#8221;padding-xs-30t&#8221;][vc_column offset=&#8221;vc_col-lg-4 vc_col-md-4 vc_col-xs-12&#8243; el_class=&#8221;featured-bloc-right&#8221;][sanjose_featured_block icon_type=&#8221;info&#8221; icon_info=&#8221;icon-featured-medal&#8221; text=&#8221;Nuestro motor de base de datos robusta<br \/>\nsoporta altos vol\u00famenes de informaci\u00f3n.&#8221; align=&#8221;center&#8221; big_size=&#8221;yes&#8221; title=&#8221;RESISTENTE&#8221; icon_color=&#8221;#bd3e8f&#8221;][\/vc_column][vc_column offset=&#8221;vc_col-lg-4 vc_col-md-4 vc_col-xs-12&#8243; el_class=&#8221;featured-block-center&#8221;][sanjose_featured_block icon_type=&#8221;info&#8221; icon_info=&#8221;icon-featured-technical-support&#8221; text=&#8221;Aplicaci\u00f3n personalizada y ajustada<br \/>\na las necesidades de cada organizaci\u00f3n&#8221; align=&#8221;center&#8221; big_size=&#8221;yes&#8221; title=&#8221;PERSONALIZADA&#8221; icon_color=&#8221;#bd3e8f&#8221;][\/vc_column][vc_column offset=&#8221;vc_col-lg-4 vc_col-md-4 vc_col-xs-12&#8243; el_class=&#8221;featured-bloc-left&#8221;][sanjose_featured_block icon_type=&#8221;info&#8221; icon_info=&#8221;icon-info-10&#8243; text=&#8221;Completamente parametrizable lo que permite el acoplamiento de los procesos de cualquier compa\u00f1\u00eda teniendo en cuenta las pautas establecidas por los entes de control Colombianos.&#8221; align=&#8221;center&#8221; big_size=&#8221;yes&#8221; title=&#8221;PARAMETRIZABLE&#8221; icon_color=&#8221;#bd3e8f&#8221;][\/vc_column][\/vc_row][vc_row large_desctop_pb=&#8221;padding-lg-50b&#8221; desctop_pb=&#8221;padding-md-50b&#8221; tablets_pt=&#8221;padding-sm-5t&#8221; tablets_pb=&#8221;padding-sm-30b&#8221; mobile_pt=&#8221;padding-xs-5t&#8221; mobile_pb=&#8221;padding-xs-30b&#8221;][vc_column large_desctop_pt=&#8221;padding-lg-35t&#8221; offset=&#8221;vc_col-lg-4 vc_col-md-4 vc_col-xs-12&#8243; el_class=&#8221;featured-block-right_bottom&#8221;][sanjose_featured_block icon_type=&#8221;info&#8221; icon_info=&#8221;icon-info-11&#8243; text=&#8221;12 a\u00f1os de experiencia comprobada<br \/>\npara mejoramiento de las operaciones empresariales.&#8221; el_class=&#8221;padding-lg-35t&#8221; align=&#8221;center&#8221; big_size=&#8221;yes&#8221; title=&#8221;BACKGROUND&#8221; icon_color=&#8221;#bd3e8f&#8221;][\/vc_column][vc_column large_desctop_pt=&#8221;padding-lg-35t&#8221; offset=&#8221;vc_col-lg-4 vc_col-md-4 vc_col-xs-12&#8243;][sanjose_featured_block icon_type=&#8221;info&#8221; icon_info=&#8221;icon-featured-velocity&#8221; text=&#8221;Actualizaciones de ley permanentes originadas por cambios en la econom\u00eda o crecientes controles&#8221; el_class=&#8221;padding-lg-35t&#8221; align=&#8221;center&#8221; big_size=&#8221;yes&#8221; title=&#8221;ACTUALIZADA&#8221; icon_color=&#8221;#bd3e8f&#8221;][\/vc_column][vc_column large_desctop_pt=&#8221;padding-lg-35t&#8221; offset=&#8221;vc_col-lg-4 vc_col-md-4 vc_col-xs-12&#8243; el_class=&#8221;featured-block-left_bottom&#8221;][sanjose_featured_block icon_type=&#8221;info&#8221; icon_info=&#8221;icon-info-2&#8243; text=&#8221;Permite la integraci\u00f3n de los m\u00f3dulos que requiera una empresa para su correcto funcionamiento&#8221; el_class=&#8221;padding-lg-35t&#8221; align=&#8221;center&#8221; big_size=&#8221;yes&#8221; title=&#8221;MODULAR&#8221; icon_color=&#8221;#bd3e8f&#8221;][\/vc_column][\/vc_row][vc_row][vc_column][vc_empty_space][\/vc_column][\/vc_row][vc_row full_width=&#8221;stretch_row&#8221; large_desctop_pt=&#8221;padding-lg-200t&#8221; large_desctop_pb=&#8221;padding-lg-200b&#8221; tablets_pt=&#8221;padding-sm-100t&#8221; tablets_pb=&#8221;padding-sm-100b&#8221; css=&#8221;.vc_custom_1620402738448{background-color: #d4ecfc !important;background-position: center !important;background-repeat: no-repeat !important;background-size: cover !important;}&#8221;][vc_column width=&#8221;1\/2&#8243;][sanjose_text_block title=&#8221;Definimos <i>Adapps<\/i> en un p\u00e1rrafo&#8221;]Queremos contribuir\u00a0 a la estabilidad empresarial y a mejorar la din\u00e1mica del trabajo dinamizando los procesos de las compa\u00f1\u00edas. Te queremos ayudar aumentando la productividad de tus empleados sin generar impactos negativos en la carga laboral y a la toma de decisiones corporativas a trav\u00e9s de los diferentes informes generados de manera eficiente y autom\u00e1tica.[\/sanjose_text_block][\/vc_column][vc_column width=&#8221;1\/2&#8243; offset=&#8221;vc_col-lg-6&#8243;][vc_single_image image=&#8221;2610&#8243; img_size=&#8221;full&#8221;][\/vc_column][\/vc_row][vc_row][vc_column][vc_empty_space][\/vc_column][\/vc_row][vc_row][vc_column width=&#8221;1\/2&#8243;][vc_single_image image=&#8221;2713&#8243; img_size=&#8221;full&#8221;][\/vc_column][vc_column width=&#8221;1\/2&#8243;][vc_custom_heading text=&#8221;Nuestra Misi\u00f3n&#8221; font_container=&#8221;tag:h1|text_align:left&#8221; use_theme_fonts=&#8221;yes&#8221;][vc_column_text]Estamos enfocados en ayudar a nuestros clientes a lograr sus objetivos mediante la construcci\u00f3n de procesos inform\u00e1ticos eficientes que potencien las habilidades de sus colaboradores mejorando su calidad de vida, buscando as\u00ed el m\u00e1ximo beneficio para la empresa. Somos un equipo de personas que se ocupan constantemente en el dise\u00f1o y la renovaci\u00f3n de m\u00e9todos de trabajo de forma innovadora apoy\u00e1ndonos constantemente en la evoluci\u00f3n de la tecnolog\u00eda y su correcta aplicaci\u00f3n.[\/vc_column_text][\/vc_column][\/vc_row][vc_row][vc_column width=&#8221;1\/2&#8243;][vc_custom_heading text=&#8221;Nuestra Visi\u00f3n&#8221; font_container=&#8221;tag:h1|text_align:left&#8221; use_theme_fonts=&#8221;yes&#8221;][vc_column_text]Queremos ser el socio tecnol\u00f3gico para nuestros clientes en el que encuentren la soluci\u00f3n a cualquier dificultad o cambio que se presente, confiando siempre en nuestra idoneidad para desarrollar el mejor procedimiento tecnol\u00f3gico en beneficio de su empresa basados en nuestra calidad, responsabilidad y compromiso.[\/vc_column_text][\/vc_column][vc_column width=&#8221;1\/2&#8243;][vc_single_image image=&#8221;2712&#8243; img_size=&#8221;full&#8221;][\/vc_column][\/vc_row]<\/p>\n","protected":false},"excerpt":{"rendered":"<p>[vc_row full_width=&#8221;stretch_row&#8221; css=&#8221;.vc_custom_1618100237243{background-color: #d4ecfc !important;}&#8221;][vc_column][sanjose_banner banner_style=&#8221;style_6&#8243; subtitle=&#8221;Acerca de nosotros&#8221; custom_height=&#8221;enable&#8221; custom_height_value=&#8221;400&#8243; top_gradient_color=&#8221;#d4ecfc&#8221; top_gradient_color_two=&#8221;#d4ecfc&#8221; bottom_gradient_color=&#8221;#d4ecfc&#8221; bottom_gradient_color_two=&#8221;#d4ecfc&#8221; title=&#8221;Vamos a sorprenderte&#8221; css=&#8221;.vc_custom_1618100374779{background-color: #d4ecfc !important;}&#8221;][\/vc_column][\/vc_row][vc_row large_desctop_pt=&#8221;padding-lg-150t&#8221;][vc_column][sanjose_text_block content_align=&#8221;center&#8221; title=&#8221;\u00bfPor qu\u00e9?.<\/p>\n","protected":false},"author":1,"featured_media":0,"parent":0,"menu_order":0,"comment_status":"closed","ping_status":"closed","template":"","meta":{"_joinchat":[],"footnotes":""},"class_list":["post-1064","page","type-page","status-publish","hentry","entry"],"yoast_head":"<!-- This site is optimized with the Yoast SEO plugin v27.0 - https:\/\/yoast.com\/product\/yoast-seo-wordpress\/ -->\n<title>Acerca de nosotros - Adapps<\/title>\n<meta name=\"robots\" content=\"index, follow, max-snippet:-1, max-image-preview:large, max-video-preview:-1\" \/>\n<link rel=\"canonical\" href=\"https:\/\/adapps.com.co\/inicio\/acerca-de-nosotros\/\" \/>\n<meta property=\"og:locale\" content=\"en_US\" \/>\n<meta property=\"og:type\" content=\"article\" \/>\n<meta property=\"og:title\" content=\"Acerca de nosotros - Adapps\" \/>\n<meta property=\"og:description\" content=\"[vc_row full_width=&#8221;stretch_row&#8221; css=&#8221;.vc_custom_1618100237243{background-color: #d4ecfc !important;}&#8221;][vc_column][sanjose_banner banner_style=&#8221;style_6&#8243; subtitle=&#8221;Acerca de nosotros&#8221; custom_height=&#8221;enable&#8221; custom_height_value=&#8221;400&#8243; top_gradient_color=&#8221;#d4ecfc&#8221; top_gradient_color_two=&#8221;#d4ecfc&#8221; bottom_gradient_color=&#8221;#d4ecfc&#8221; bottom_gradient_color_two=&#8221;#d4ecfc&#8221; title=&#8221;Vamos a sorprenderte&#8221; css=&#8221;.vc_custom_1618100374779{background-color: #d4ecfc !important;}&#8221;][\/vc_column][\/vc_row][vc_row large_desctop_pt=&#8221;padding-lg-150t&#8221;][vc_column][sanjose_text_block content_align=&#8221;center&#8221; title=&#8221;\u00bfPor qu\u00e9?.\" \/>\n<meta property=\"og:url\" content=\"https:\/\/adapps.com.co\/inicio\/acerca-de-nosotros\/\" \/>\n<meta property=\"og:site_name\" content=\"Adapps\" \/>\n<meta property=\"article:modified_time\" content=\"2021-05-19T14:11:26+00:00\" \/>\n<meta name=\"twitter:card\" content=\"summary_large_image\" \/>\n<meta name=\"twitter:label1\" content=\"Est. reading time\" \/>\n\t<meta name=\"twitter:data1\" content=\"2 minutes\" \/>\n<script type=\"application\/ld+json\" class=\"yoast-schema-graph\">{\"@context\":\"https:\/\/schema.org\",\"@graph\":[{\"@type\":\"WebPage\",\"@id\":\"https:\/\/adapps.com.co\/inicio\/acerca-de-nosotros\/\",\"url\":\"https:\/\/adapps.com.co\/inicio\/acerca-de-nosotros\/\",\"name\":\"Acerca de nosotros - Adapps\",\"isPartOf\":{\"@id\":\"https:\/\/adapps.com.co\/inicio\/#website\"},\"datePublished\":\"2017-08-15T15:46:40+00:00\",\"dateModified\":\"2021-05-19T14:11:26+00:00\",\"breadcrumb\":{\"@id\":\"https:\/\/adapps.com.co\/inicio\/acerca-de-nosotros\/#breadcrumb\"},\"inLanguage\":\"en-US\",\"potentialAction\":[{\"@type\":\"ReadAction\",\"target\":[\"https:\/\/adapps.com.co\/inicio\/acerca-de-nosotros\/\"]}]},{\"@type\":\"BreadcrumbList\",\"@id\":\"https:\/\/adapps.com.co\/inicio\/acerca-de-nosotros\/#breadcrumb\",\"itemListElement\":[{\"@type\":\"ListItem\",\"position\":1,\"name\":\"Home\",\"item\":\"https:\/\/adapps.com.co\/inicio\/\"},{\"@type\":\"ListItem\",\"position\":2,\"name\":\"Acerca de nosotros\"}]},{\"@type\":\"WebSite\",\"@id\":\"https:\/\/adapps.com.co\/inicio\/#website\",\"url\":\"https:\/\/adapps.com.co\/inicio\/\",\"name\":\"Adapps\",\"description\":\"Adapps\",\"potentialAction\":[{\"@type\":\"SearchAction\",\"target\":{\"@type\":\"EntryPoint\",\"urlTemplate\":\"https:\/\/adapps.com.co\/inicio\/?s={search_term_string}\"},\"query-input\":{\"@type\":\"PropertyValueSpecification\",\"valueRequired\":true,\"valueName\":\"search_term_string\"}}],\"inLanguage\":\"en-US\"}]}<\/script>\n<!-- \/ Yoast SEO plugin. -->","yoast_head_json":{"title":"Acerca de nosotros - Adapps","robots":{"index":"index","follow":"follow","max-snippet":"max-snippet:-1","max-image-preview":"max-image-preview:large","max-video-preview":"max-video-preview:-1"},"canonical":"https:\/\/adapps.com.co\/inicio\/acerca-de-nosotros\/","og_locale":"en_US","og_type":"article","og_title":"Acerca de nosotros - Adapps","og_description":"[vc_row full_width=&#8221;stretch_row&#8221; css=&#8221;.vc_custom_1618100237243{background-color: #d4ecfc !important;}&#8221;][vc_column][sanjose_banner banner_style=&#8221;style_6&#8243; subtitle=&#8221;Acerca de nosotros&#8221; custom_height=&#8221;enable&#8221; custom_height_value=&#8221;400&#8243; top_gradient_color=&#8221;#d4ecfc&#8221; top_gradient_color_two=&#8221;#d4ecfc&#8221; bottom_gradient_color=&#8221;#d4ecfc&#8221; bottom_gradient_color_two=&#8221;#d4ecfc&#8221; title=&#8221;Vamos a sorprenderte&#8221; css=&#8221;.vc_custom_1618100374779{background-color: #d4ecfc !important;}&#8221;][\/vc_column][\/vc_row][vc_row large_desctop_pt=&#8221;padding-lg-150t&#8221;][vc_column][sanjose_text_block content_align=&#8221;center&#8221; title=&#8221;\u00bfPor qu\u00e9?.","og_url":"https:\/\/adapps.com.co\/inicio\/acerca-de-nosotros\/","og_site_name":"Adapps","article_modified_time":"2021-05-19T14:11:26+00:00","twitter_card":"summary_large_image","twitter_misc":{"Est. reading time":"2 minutes"},"schema":{"@context":"https:\/\/schema.org","@graph":[{"@type":"WebPage","@id":"https:\/\/adapps.com.co\/inicio\/acerca-de-nosotros\/","url":"https:\/\/adapps.com.co\/inicio\/acerca-de-nosotros\/","name":"Acerca de nosotros - Adapps","isPartOf":{"@id":"https:\/\/adapps.com.co\/inicio\/#website"},"datePublished":"2017-08-15T15:46:40+00:00","dateModified":"2021-05-19T14:11:26+00:00","breadcrumb":{"@id":"https:\/\/adapps.com.co\/inicio\/acerca-de-nosotros\/#breadcrumb"},"inLanguage":"en-US","potentialAction":[{"@type":"ReadAction","target":["https:\/\/adapps.com.co\/inicio\/acerca-de-nosotros\/"]}]},{"@type":"BreadcrumbList","@id":"https:\/\/adapps.com.co\/inicio\/acerca-de-nosotros\/#breadcrumb","itemListElement":[{"@type":"ListItem","position":1,"name":"Home","item":"https:\/\/adapps.com.co\/inicio\/"},{"@type":"ListItem","position":2,"name":"Acerca de nosotros"}]},{"@type":"WebSite","@id":"https:\/\/adapps.com.co\/inicio\/#website","url":"https:\/\/adapps.com.co\/inicio\/","name":"Adapps","description":"Adapps","potentialAction":[{"@type":"SearchAction","target":{"@type":"EntryPoint","urlTemplate":"https:\/\/adapps.com.co\/inicio\/?s={search_term_string}"},"query-input":{"@type":"PropertyValueSpecification","valueRequired":true,"valueName":"search_term_string"}}],"inLanguage":"en-US"}]}},"featured_image_src":null,"featured_image_src_square":null,"_links":{"self":[{"href":"https:\/\/adapps.com.co\/inicio\/wp-json\/wp\/v2\/pages\/1064","targetHints":{"allow":["GET"]}}],"collection":[{"href":"https:\/\/adapps.com.co\/inicio\/wp-json\/wp\/v2\/pages"}],"about":[{"href":"https:\/\/adapps.com.co\/inicio\/wp-json\/wp\/v2\/types\/page"}],"author":[{"embeddable":true,"href":"https:\/\/adapps.com.co\/inicio\/wp-json\/wp\/v2\/users\/1"}],"replies":[{"embeddable":true,"href":"https:\/\/adapps.com.co\/inicio\/wp-json\/wp\/v2\/comments?post=1064"}],"version-history":[{"count":58,"href":"https:\/\/adapps.com.co\/inicio\/wp-json\/wp\/v2\/pages\/1064\/revisions"}],"predecessor-version":[{"id":2903,"href":"https:\/\/adapps.com.co\/inicio\/wp-json\/wp\/v2\/pages\/1064\/revisions\/2903"}],"wp:attachment":[{"href":"https:\/\/adapps.com.co\/inicio\/wp-json\/wp\/v2\/media?parent=1064"}],"curies":[{"name":"wp","href":"https:\/\/api.w.org\/{rel}","templated":true}]}}